{"id":13847,"date":"2015-07-20T15:48:23","date_gmt":"2015-07-20T13:48:23","guid":{"rendered":"http:\/\/www.galaw.it\/it\/?page_id=13847"},"modified":"2024-07-26T19:10:12","modified_gmt":"2024-07-26T17:10:12","slug":"niccolo-giuffre-ita","status":"publish","type":"page","link":"https:\/\/www.galaw.it\/it\/niccolo-giuffre-ita\/","title":{"rendered":"Niccol\u00f2 Giuffr\u00e8"},"content":{"rendered":"","protected":false},"excerpt":{"rendered":"","protected":false},"author":1,"featured_media":0,"parent":0,"menu_order":0,"comment_status":"closed","ping_status":"closed","template":"","meta":{"_seopress_robots_primary_cat":"0","_seopress_titles_title":"Niccol\u00f2 Giuffr\u00e8 | Collaboratore | Giovannelli e Associati","_seopress_titles_desc":"Niccol\u00f2 collabora con lo Studio dal 2015.Prima di entrare in Giovannelli e Associati, Niccol\u00f2 ha collaborato con un primario studio legale italiano. Niccol\u00f2 si \u00e8 laureato in giurisprudenza nel 2004 presso l\u2019Universit\u00e0 Statale di Milano ed \u00e8 avvocato dal 2007.","_seopress_robots_index":"","advgb_blocks_editor_width":"","advgb_blocks_columns_visual_guide":"","footnotes":""},"class_list":["post-13847","page","type-page","status-publish","hentry"],"coauthors":[],"author_meta":{"author_link":"https:\/\/www.galaw.it\/it\/author\/admin\/","display_name":"Giovannelli e Associati"},"relative_dates":{"created":"Pubblicato 11 anni fa","modified":"Aggiornato 2 anni fa"},"absolute_dates":{"created":"Pubblicato il 20 Luglio 2015","modified":"Aggiornato il 26 Luglio 2024"},"absolute_dates_time":{"created":"Pubblicato il 20 Luglio 2015 15:48","modified":"Aggiornato il 26 Luglio 2024 19:10"},"featured_img_caption":"","featured_img":false,"series_order":"","_links":{"self":[{"href":"https:\/\/www.galaw.it\/it\/wp-json\/wp\/v2\/pages\/13847","targetHints":{"allow":["GET"]}}],"collection":[{"href":"https:\/\/www.galaw.it\/it\/wp-json\/wp\/v2\/pages"}],"about":[{"href":"https:\/\/www.galaw.it\/it\/wp-json\/wp\/v2\/types\/page"}],"author":[{"embeddable":true,"href":"https:\/\/www.galaw.it\/it\/wp-json\/wp\/v2\/users\/1"}],"replies":[{"embeddable":true,"href":"https:\/\/www.galaw.it\/it\/wp-json\/wp\/v2\/comments?post=13847"}],"version-history":[{"count":1,"href":"https:\/\/www.galaw.it\/it\/wp-json\/wp\/v2\/pages\/13847\/revisions"}],"predecessor-version":[{"id":13848,"href":"https:\/\/www.galaw.it\/it\/wp-json\/wp\/v2\/pages\/13847\/revisions\/13848"}],"wp:attachment":[{"href":"https:\/\/www.galaw.it\/it\/wp-json\/wp\/v2\/media?parent=13847"}],"curies":[{"name":"wp","href":"https:\/\/api.w.org\/{rel}","templated":true}]}}