{"id":14160,"date":"2016-04-08T14:23:38","date_gmt":"2016-04-08T12:23:38","guid":{"rendered":"http:\/\/www.galaw.it\/it\/?page_id=14160"},"modified":"2025-08-06T18:37:44","modified_gmt":"2025-08-06T16:37:44","slug":"paola-cairoli-ita","status":"publish","type":"page","link":"https:\/\/www.galaw.it\/it\/paola-cairoli-ita\/","title":{"rendered":"Paola Cairoli"},"content":{"rendered":"","protected":false},"excerpt":{"rendered":"","protected":false},"author":1,"featured_media":0,"parent":0,"menu_order":0,"comment_status":"closed","ping_status":"closed","template":"","meta":{"_seopress_robots_primary_cat":"0","_seopress_titles_title":"Paola Cairoli | Giovannelli e Associati","_seopress_titles_desc":"Paola collabora con lo Studio dal 2016. Si \u00e8 laureata in giurisprudenza nel 2013 presso l&#039;Universit\u00e0 degli Studi di Milano ed \u00e8 avvocato dal 2016.","_seopress_robots_index":"","advgb_blocks_editor_width":"","advgb_blocks_columns_visual_guide":"","footnotes":""},"class_list":["post-14160","page","type-page","status-publish","hentry"],"coauthors":[],"author_meta":{"author_link":"https:\/\/www.galaw.it\/it\/author\/admin\/","display_name":"Giovannelli e Associati"},"relative_dates":{"created":"Pubblicato 10 anni fa","modified":"Aggiornato 9 mesi fa"},"absolute_dates":{"created":"Pubblicato il 8 Aprile 2016","modified":"Aggiornato il 6 Agosto 2025"},"absolute_dates_time":{"created":"Pubblicato il 8 Aprile 2016 14:23","modified":"Aggiornato il 6 Agosto 2025 18:37"},"featured_img_caption":"","featured_img":false,"series_order":"","_links":{"self":[{"href":"https:\/\/www.galaw.it\/it\/wp-json\/wp\/v2\/pages\/14160","targetHints":{"allow":["GET"]}}],"collection":[{"href":"https:\/\/www.galaw.it\/it\/wp-json\/wp\/v2\/pages"}],"about":[{"href":"https:\/\/www.galaw.it\/it\/wp-json\/wp\/v2\/types\/page"}],"author":[{"embeddable":true,"href":"https:\/\/www.galaw.it\/it\/wp-json\/wp\/v2\/users\/1"}],"replies":[{"embeddable":true,"href":"https:\/\/www.galaw.it\/it\/wp-json\/wp\/v2\/comments?post=14160"}],"version-history":[{"count":1,"href":"https:\/\/www.galaw.it\/it\/wp-json\/wp\/v2\/pages\/14160\/revisions"}],"predecessor-version":[{"id":14161,"href":"https:\/\/www.galaw.it\/it\/wp-json\/wp\/v2\/pages\/14160\/revisions\/14161"}],"wp:attachment":[{"href":"https:\/\/www.galaw.it\/it\/wp-json\/wp\/v2\/media?parent=14160"}],"curies":[{"name":"wp","href":"https:\/\/api.w.org\/{rel}","templated":true}]}}