{"id":17091,"date":"2020-09-10T16:25:22","date_gmt":"2020-09-10T14:25:22","guid":{"rendered":"https:\/\/www.galaw.it\/?page_id=17091"},"modified":"2023-09-01T18:20:40","modified_gmt":"2023-09-01T16:20:40","slug":"proprieta-intellettuale","status":"publish","type":"page","link":"https:\/\/www.galaw.it\/it\/aree-di-attivita\/proprieta-intellettuale\/","title":{"rendered":"Propriet\u00e0 intellettuale"},"content":{"rendered":"<hr class=\"no_line\" style=\"margin: 0 auto 30px auto\"\/>\n\n\n\n\n<h2 class=\"wp-block-heading\">Propriet\u00e0 intellettuale<\/h2>\n\n\n\n<p>Il nostro dipartimento di propriet\u00e0 intellettuale presta assistenza legale a clienti italiani e internazionali in materia di diritto della propriet\u00e0 intellettuale, diritto d\u2019autore, diritto della pubblicit\u00e0, concorrenza sleale e information technology.&nbsp;<\/p>\n\n\n\n<p>Offriamo assistenza in molteplici settori tra i quali quelli del lusso e della moda, dell&#8217;industria manifatturiera e informatica, delle nuove tecnologie e delle telecomunicazioni, dell&#8217;arte e dello sport, dell&#8217;editoria.<\/p>\n\n\n\n<p>Le nostre competenze nell\u2019ambito della propriet\u00e0 intellettuale includono la protezione dei diritti della propriet\u00e0 intellettuale e industriale &#8211; ivi inclusa la loro registrazione e tutela nei casi di violazione &#8211; tra cui marchi, disegni, brevetti e nomi a dominio, la gestione di portafogli di diritti di propriet\u00e0 intellettuale, la protezione e il trasferimento di segreti industriali, know how e diritto d\u2019autore, trasferimenti di tecnologia, ricerca e sviluppo, information technology, tematiche afferenti all\u2019e-commerce, trasferimenti di asset di propriet\u00e0 intellettuale e industriale nell\u2019ambito di complesse operazioni societarie.&nbsp;<\/p>\n\n\n\n<p>I nostri professionisti hanno inoltre acquisito una consolidata esperienza nella redazione e negoziazione di contratti anche internazionali di acquisizione, licenza, distribuzione, pubblicit\u00e0 e sponsorizzazione.<\/p>\n","protected":false},"excerpt":{"rendered":"<p>Propriet\u00e0 intellettuale Il nostro dipartimento di propriet\u00e0 intellettuale presta assistenza legale a clienti italiani e internazionali in materia di diritto della propriet\u00e0 intellettuale, diritto d\u2019autore, diritto della pubblicit\u00e0, concorrenza sleale<span class=\"excerpt-hellip\"> [\u2026]<\/span><\/p>\n","protected":false},"author":1,"featured_media":0,"parent":10618,"menu_order":5,"comment_status":"closed","ping_status":"open","template":"","meta":{"_seopress_robots_primary_cat":"0","_seopress_titles_title":"Propriet\u00e0 Intellettuale | Giovannelli e Associati","_seopress_titles_desc":"","_seopress_robots_index":"","advgb_blocks_editor_width":"","advgb_blocks_columns_visual_guide":"","footnotes":""},"class_list":["post-17091","page","type-page","status-publish","hentry"],"coauthors":[],"author_meta":{"author_link":"https:\/\/www.galaw.it\/it\/author\/admin\/","display_name":"Giovannelli e Associati"},"relative_dates":{"created":"Pubblicato 6 anni fa","modified":"Aggiornato 3 anni fa"},"absolute_dates":{"created":"Pubblicato il 10 Settembre 2020","modified":"Aggiornato il 1 Settembre 2023"},"absolute_dates_time":{"created":"Pubblicato il 10 Settembre 2020 16:25","modified":"Aggiornato il 1 Settembre 2023 18:20"},"featured_img_caption":"","featured_img":false,"series_order":"","_links":{"self":[{"href":"https:\/\/www.galaw.it\/it\/wp-json\/wp\/v2\/pages\/17091","targetHints":{"allow":["GET"]}}],"collection":[{"href":"https:\/\/www.galaw.it\/it\/wp-json\/wp\/v2\/pages"}],"about":[{"href":"https:\/\/www.galaw.it\/it\/wp-json\/wp\/v2\/types\/page"}],"author":[{"embeddable":true,"href":"https:\/\/www.galaw.it\/it\/wp-json\/wp\/v2\/users\/1"}],"replies":[{"embeddable":true,"href":"https:\/\/www.galaw.it\/it\/wp-json\/wp\/v2\/comments?post=17091"}],"version-history":[{"count":2,"href":"https:\/\/www.galaw.it\/it\/wp-json\/wp\/v2\/pages\/17091\/revisions"}],"predecessor-version":[{"id":19535,"href":"https:\/\/www.galaw.it\/it\/wp-json\/wp\/v2\/pages\/17091\/revisions\/19535"}],"up":[{"embeddable":true,"href":"https:\/\/www.galaw.it\/it\/wp-json\/wp\/v2\/pages\/10618"}],"wp:attachment":[{"href":"https:\/\/www.galaw.it\/it\/wp-json\/wp\/v2\/media?parent=17091"}],"curies":[{"name":"wp","href":"https:\/\/api.w.org\/{rel}","templated":true}]}}