{"id":17982,"date":"2021-11-11T13:56:02","date_gmt":"2021-11-11T12:56:02","guid":{"rendered":"https:\/\/www.galaw.it\/?page_id=17982"},"modified":"2026-03-31T10:55:35","modified_gmt":"2026-03-31T08:55:35","slug":"giorgio-vaselli-ita","status":"publish","type":"page","link":"https:\/\/www.galaw.it\/it\/giorgio-vaselli-ita\/","title":{"rendered":"Giorgio Vaselli"},"content":{"rendered":"","protected":false},"excerpt":{"rendered":"","protected":false},"author":1,"featured_media":0,"parent":0,"menu_order":0,"comment_status":"closed","ping_status":"closed","template":"","meta":{"_seopress_robots_primary_cat":"0","_seopress_titles_title":"Giorgio Vaselli | Giovannelli e Associati","_seopress_titles_desc":"Giorgio \u00e8 socio di Giovannelli e Associati.Giorgio \u00e8 specializzato in fiscalit\u00e0 domestica e internazionale e assiste sia imprese che private client","_seopress_robots_index":"","advgb_blocks_editor_width":"","advgb_blocks_columns_visual_guide":"","footnotes":""},"class_list":["post-17982","page","type-page","status-publish","hentry"],"coauthors":[],"author_meta":{"author_link":"https:\/\/www.galaw.it\/it\/author\/admin\/","display_name":"Giovannelli e Associati"},"relative_dates":{"created":"Pubblicato 4 anni fa","modified":"Aggiornato 1 mese fa"},"absolute_dates":{"created":"Pubblicato il 11 Novembre 2021","modified":"Aggiornato il 31 Marzo 2026"},"absolute_dates_time":{"created":"Pubblicato il 11 Novembre 2021 13:56","modified":"Aggiornato il 31 Marzo 2026 10:55"},"featured_img_caption":"","featured_img":false,"series_order":"","_links":{"self":[{"href":"https:\/\/www.galaw.it\/it\/wp-json\/wp\/v2\/pages\/17982","targetHints":{"allow":["GET"]}}],"collection":[{"href":"https:\/\/www.galaw.it\/it\/wp-json\/wp\/v2\/pages"}],"about":[{"href":"https:\/\/www.galaw.it\/it\/wp-json\/wp\/v2\/types\/page"}],"author":[{"embeddable":true,"href":"https:\/\/www.galaw.it\/it\/wp-json\/wp\/v2\/users\/1"}],"replies":[{"embeddable":true,"href":"https:\/\/www.galaw.it\/it\/wp-json\/wp\/v2\/comments?post=17982"}],"version-history":[{"count":1,"href":"https:\/\/www.galaw.it\/it\/wp-json\/wp\/v2\/pages\/17982\/revisions"}],"predecessor-version":[{"id":17986,"href":"https:\/\/www.galaw.it\/it\/wp-json\/wp\/v2\/pages\/17982\/revisions\/17986"}],"wp:attachment":[{"href":"https:\/\/www.galaw.it\/it\/wp-json\/wp\/v2\/media?parent=17982"}],"curies":[{"name":"wp","href":"https:\/\/api.w.org\/{rel}","templated":true}]}}