{"id":19526,"date":"2023-09-01T12:45:26","date_gmt":"2023-09-01T10:45:26","guid":{"rendered":"https:\/\/www.galaw.it\/?page_id=19526"},"modified":"2023-09-01T12:45:55","modified_gmt":"2023-09-01T10:45:55","slug":"societario-e-commerciale","status":"publish","type":"page","link":"https:\/\/www.galaw.it\/it\/aree-di-attivita\/societario-e-commerciale\/","title":{"rendered":"Societario e Commerciale"},"content":{"rendered":"\n<h2 class=\"wp-block-heading\">Societario e Commerciale<\/h2>\n\n\n\n<p>Il nostro team fornisce assistenza a clienti italiani e stranieri, finanziari e industriali, in relazione ad ogni aspetto del diritto societario, commerciale e dei mercati finanziari.<\/p>\n\n\n\n<p>Con riferimento al diritto commerciale, lo Studio assiste i propri clienti in relazione ad ogni aspetto delle rispettive attivit\u00e0, con una particolare esperienza maturata nell\u2019organizzazione di reti commerciali in Italia e all\u2019estero (contratti di distribuzione, agenzia, franchising) e, in generale, nella redazione e negoziazione di contrattualistica di vario tipo (appalti, forniture, servizi).<\/p>\n\n\n\n<p>Le nostre competenze in ambito societario e dei mercati finanziari comprendono:<\/p>\n\n\n\n<ul class=\"wp-block-list\">\n<li>assistenza societaria continuativa a societ\u00e0 quotate e non quotate, tra cui in particolare societ\u00e0 di investimento e societ\u00e0 in portafoglio di fondi di private equity ovvero appartenenti a gruppi multinazionali o conglomerati finanziari<\/li>\n\n\n\n<li>assistenza nell\u2019ambito di operazioni straordinarie, tra cui fusioni, scissioni, aumenti di capitale, emissione di strumenti finanziari<\/li>\n\n\n\n<li>corporate governance, tra cui assistenza a consigli di amministrazione e comitati speciali in relazione a operazioni straordinarie, questioni di carattere generale, accordi con amministratori e piani di incentivazione<\/li>\n\n\n\n<li>diritti degli azionisti<\/li>\n\n\n\n<li>strutturazione di gruppi societari<\/li>\n\n\n\n<li>progettazione e strutturazione di veicoli societari dedicati ad attivit\u00e0 speciali, con particolare riguardo a societ\u00e0 di investimento sul modello di fondi di private equity.<\/li>\n<\/ul>\n","protected":false},"excerpt":{"rendered":"<p>Societario e Commerciale Il nostro team fornisce assistenza a clienti italiani e stranieri, finanziari e industriali, in relazione ad ogni aspetto del diritto societario, commerciale e dei mercati finanziari. Con<span class=\"excerpt-hellip\"> [\u2026]<\/span><\/p>\n","protected":false},"author":1,"featured_media":0,"parent":10618,"menu_order":3,"comment_status":"closed","ping_status":"closed","template":"","meta":{"_seopress_robots_primary_cat":"0","_seopress_titles_title":"","_seopress_titles_desc":"","_seopress_robots_index":"","advgb_blocks_editor_width":"","advgb_blocks_columns_visual_guide":"","footnotes":""},"class_list":["post-19526","page","type-page","status-publish","hentry"],"coauthors":[],"author_meta":{"author_link":"https:\/\/www.galaw.it\/it\/author\/admin\/","display_name":"Giovannelli e Associati"},"relative_dates":{"created":"Pubblicato 3 anni fa","modified":"Aggiornato 3 anni fa"},"absolute_dates":{"created":"Pubblicato il 1 Settembre 2023","modified":"Aggiornato il 1 Settembre 2023"},"absolute_dates_time":{"created":"Pubblicato il 1 Settembre 2023 12:45","modified":"Aggiornato il 1 Settembre 2023 12:45"},"featured_img_caption":"","featured_img":false,"series_order":"","_links":{"self":[{"href":"https:\/\/www.galaw.it\/it\/wp-json\/wp\/v2\/pages\/19526","targetHints":{"allow":["GET"]}}],"collection":[{"href":"https:\/\/www.galaw.it\/it\/wp-json\/wp\/v2\/pages"}],"about":[{"href":"https:\/\/www.galaw.it\/it\/wp-json\/wp\/v2\/types\/page"}],"author":[{"embeddable":true,"href":"https:\/\/www.galaw.it\/it\/wp-json\/wp\/v2\/users\/1"}],"replies":[{"embeddable":true,"href":"https:\/\/www.galaw.it\/it\/wp-json\/wp\/v2\/comments?post=19526"}],"version-history":[{"count":2,"href":"https:\/\/www.galaw.it\/it\/wp-json\/wp\/v2\/pages\/19526\/revisions"}],"predecessor-version":[{"id":19528,"href":"https:\/\/www.galaw.it\/it\/wp-json\/wp\/v2\/pages\/19526\/revisions\/19528"}],"up":[{"embeddable":true,"href":"https:\/\/www.galaw.it\/it\/wp-json\/wp\/v2\/pages\/10618"}],"wp:attachment":[{"href":"https:\/\/www.galaw.it\/it\/wp-json\/wp\/v2\/media?parent=19526"}],"curies":[{"name":"wp","href":"https:\/\/api.w.org\/{rel}","templated":true}]}}