{"id":22202,"date":"2026-03-05T19:57:44","date_gmt":"2026-03-05T18:57:44","guid":{"rendered":"https:\/\/www.galaw.it\/?page_id=22202"},"modified":"2026-03-07T09:28:07","modified_gmt":"2026-03-07T08:28:07","slug":"nicolo-vittori-venenti-ita","status":"publish","type":"page","link":"https:\/\/www.galaw.it\/it\/nicolo-vittori-venenti-ita\/","title":{"rendered":"Nicol\u00f2 Vittori Venenti"},"content":{"rendered":"","protected":false},"excerpt":{"rendered":"","protected":false},"author":1,"featured_media":0,"parent":0,"menu_order":0,"comment_status":"closed","ping_status":"closed","template":"","meta":{"_seopress_robots_primary_cat":"","_seopress_titles_title":"Nicol\u00f2 Vittori Venenti | Collaboratore | Giovannelli e Associati","_seopress_titles_desc":"Nicol\u00f2 collabora con lo studio dal 2026. Si \u00e8 laureato in Giurisprudenza nel 2021 presso l\u2019Universit\u00e0 degli Studi di Bologna ed \u00e8 avvocato dal 2025.","_seopress_robots_index":"","advgb_blocks_editor_width":"","advgb_blocks_columns_visual_guide":"","footnotes":""},"class_list":["post-22202","page","type-page","status-publish","hentry"],"coauthors":[],"author_meta":{"author_link":"https:\/\/www.galaw.it\/it\/author\/admin\/","display_name":"Giovannelli e Associati"},"relative_dates":{"created":"Pubblicato 2 mesi fa","modified":"Aggiornato 2 mesi fa"},"absolute_dates":{"created":"Pubblicato il 5 Marzo 2026","modified":"Aggiornato il 7 Marzo 2026"},"absolute_dates_time":{"created":"Pubblicato il 5 Marzo 2026 19:57","modified":"Aggiornato il 7 Marzo 2026 9:28"},"featured_img_caption":"","featured_img":false,"series_order":"","_links":{"self":[{"href":"https:\/\/www.galaw.it\/it\/wp-json\/wp\/v2\/pages\/22202","targetHints":{"allow":["GET"]}}],"collection":[{"href":"https:\/\/www.galaw.it\/it\/wp-json\/wp\/v2\/pages"}],"about":[{"href":"https:\/\/www.galaw.it\/it\/wp-json\/wp\/v2\/types\/page"}],"author":[{"embeddable":true,"href":"https:\/\/www.galaw.it\/it\/wp-json\/wp\/v2\/users\/1"}],"replies":[{"embeddable":true,"href":"https:\/\/www.galaw.it\/it\/wp-json\/wp\/v2\/comments?post=22202"}],"version-history":[{"count":2,"href":"https:\/\/www.galaw.it\/it\/wp-json\/wp\/v2\/pages\/22202\/revisions"}],"predecessor-version":[{"id":22269,"href":"https:\/\/www.galaw.it\/it\/wp-json\/wp\/v2\/pages\/22202\/revisions\/22269"}],"wp:attachment":[{"href":"https:\/\/www.galaw.it\/it\/wp-json\/wp\/v2\/media?parent=22202"}],"curies":[{"name":"wp","href":"https:\/\/api.w.org\/{rel}","templated":true}]}}